{"id":15475,"date":"2022-06-10T14:16:51","date_gmt":"2022-06-10T12:16:51","guid":{"rendered":"https:\/\/diplomat-dental.com\/?page_id=15475"},"modified":"2026-03-10T13:33:48","modified_gmt":"2026-03-10T12:33:48","slug":"register","status":"publish","type":"page","link":"https:\/\/diplomat-dental.com\/sv\/register\/","title":{"rendered":"Register"},"content":{"rendered":"\n<div class=\"login-page\">\n<a href=\"https:\/\/diplomat-dental.com\/sv\/\"><img decoding=\"async\" class=\"absolute-logo\" src=\"https:\/\/diplomat-dental.com\/wp-content\/themes\/dds\/assets\/helpers\/logo.svg\"><\/a>\n\n<div class=\"login-left\">\n\n<div class=\"content\">\n<h1>Welcome<br> \n<span style=\"color: #009cdd;\">to Diplomat<br>\nDealer zone.<\/h1><\/span>\n<p style=\"text-align:center;\">Register your account to access<br> all our marketing, service and sales materials.<\/p>\n<\/div>\n\n<\/div>\n\n<div class=\"login-right\">\n<div class=\"content\">\n<p style=\"text-align:center;\">Please register your account by filling out<br> the registration form.<\/p>\n<p class=\"login-page-form\">\n<div class=\"um um-register um-2833\">\n\t<div class=\"um-form\" data-mode=\"register\">\n\t\t<form method=\"post\" action=\"\">\n\t\t\t<div class=\"um-row _um_row_1 \" style=\"margin: 0 0 30px 0;\"><div class=\"um-col-1\"><div  id=\"um_field_2833_first_name\" class=\"um-field um-field-text  um-field-first_name um-field-text um-field-type_text\" data-key=\"first_name\"><div class=\"um-field-label\"><label for=\"first_name-2833\">F\u00f6rnamn<\/label><div class=\"um-clear\"><\/div><\/div><div class=\"um-field-area\"><input  autocomplete=\"off\" class=\"um-form-field valid not-required \" type=\"text\" name=\"first_name-2833\" id=\"first_name-2833\" value=\"\" placeholder=\"First Name\" data-validate=\"\" data-key=\"first_name\"  aria-invalid=\"false\" \/>\n\n\t\t\t\t\t\t<\/div><\/div><div  id=\"um_field_2833_last_name\" class=\"um-field um-field-text  um-field-last_name um-field-text um-field-type_text\" data-key=\"last_name\"><div class=\"um-field-label\"><label for=\"last_name-2833\">Efternamn<\/label><div class=\"um-clear\"><\/div><\/div><div class=\"um-field-area\"><input  autocomplete=\"off\" class=\"um-form-field valid not-required \" type=\"text\" name=\"last_name-2833\" id=\"last_name-2833\" value=\"\" placeholder=\"Last Name\" data-validate=\"\" data-key=\"last_name\"  aria-invalid=\"false\" \/>\n\n\t\t\t\t\t\t<\/div><\/div><div  id=\"um_field_2833_nickname\" class=\"um-field um-field-text  um-field-nickname um-field-text um-field-type_text\" data-key=\"nickname\"><div class=\"um-field-label\"><label for=\"nickname-2833\">Company<\/label><div class=\"um-clear\"><\/div><\/div><div class=\"um-field-area\"><input  autocomplete=\"off\" class=\"um-form-field valid not-required \" type=\"text\" name=\"nickname-2833\" id=\"nickname-2833\" value=\"\" placeholder=\"Company\" data-validate=\"\" data-key=\"nickname\"  aria-invalid=\"false\" \/>\n\n\t\t\t\t\t\t<\/div><\/div><div  id=\"um_field_2833_user_email\" class=\"um-field um-field-text  um-field-user_email um-field-text um-field-type_text\" data-key=\"user_email\"><div class=\"um-field-label\"><label for=\"user_email-2833\">E-postadress<\/label><div class=\"um-clear\"><\/div><\/div><div class=\"um-field-area\"><input  autocomplete=\"off\" class=\"um-form-field valid not-required \" type=\"text\" name=\"user_email-2833\" id=\"user_email-2833\" value=\"\" placeholder=\"E-mail Address\" data-validate=\"unique_email\" data-key=\"user_email\"  aria-invalid=\"false\" \/>\n\n\t\t\t\t\t\t<\/div><\/div><div  id=\"um_field_2833_user_password\" class=\"um-field um-field-password  um-field-user_password um-field-password um-field-type_password\" data-key=\"user_password\"><div class=\"um-field-label\"><label for=\"user_password-2833\">L\u00f6senord<\/label><div class=\"um-clear\"><\/div><\/div><div class=\"um-field-area\"><input class=\"um-form-field valid \" type=\"password\" name=\"user_password-2833\" id=\"user_password-2833\" value=\"\" placeholder=\"Password\" data-validate=\"\" data-key=\"user_password\"  aria-invalid=\"false\" \/>\n\n\t\t\t\t\t\t\t<\/div><\/div><div  id=\"um_field_2833_confirm_user_password\" class=\"um-field um-field-password  um-field-user_password um-field-password um-field-type_password\" data-key=\"confirm_user_password\"><div class=\"um-field-label\"><label for=\"confirm_user_password-2833\">Bekr\u00e4fta L\u00f6senord<\/label><div class=\"um-clear\"><\/div><\/div><div class=\"um-field-area\"><input class=\"um-form-field valid \" type=\"password\" name=\"confirm_user_password-2833\" id=\"confirm_user_password-2833\" value=\"\" placeholder=\"Bekr\u00e4fta L\u00f6senord\" data-validate=\"\" data-key=\"confirm_user_password\"  aria-invalid=\"false\" \/><\/div><\/div><\/div><\/div>\t<input type=\"hidden\" name=\"form_id\" id=\"form_id_2833\" value=\"2833\" \/>\n\t\t<p class=\"um_request_name\">\n\t\t<label for=\"um_request_2833\">Only fill in if you are not human<\/label>\n\t\t<input type=\"hidden\" name=\"um_request\" id=\"um_request_2833\" class=\"input\" value=\"\" size=\"25\" autocomplete=\"off\" \/>\n\t<\/p>\n\t<input type=\"hidden\" id=\"_wpnonce\" name=\"_wpnonce\" value=\"5d0fe7ba80\" \/><input type=\"hidden\" name=\"_wp_http_referer\" value=\"\/sv\/wp-json\/wp\/v2\/pages\/15475\" \/>\n\t<div class=\"um-col-alt\">\n\n\t\t\n\t\t\t<div class=\"um-left um-half\">\n\t\t\t\t<input type=\"submit\" value=\"Registrera\" class=\"um-button\" id=\"um-submit-btn\" \/>\n\t\t\t<\/div>\n\t\t\t<div class=\"um-right um-half\">\n\t\t\t\t<a href=\"https:\/\/diplomat-dental.com\/sv\/login\/\" class=\"um-button um-alt\">\n\t\t\t\t\tLogga in\t\t\t\t<\/a>\n\t\t\t<\/div>\n\n\t\t\n\t\t<div class=\"um-clear\"><\/div>\n\n\t<\/div>\n\n\t\t\t<\/form>\n\t<\/div>\n<\/div>\n<style>\n\t\t\t.um-2833.um {\n\t\t\tmax-width: 450px;\n\t\t}\n\t\t<\/style>\n<\/p>\n<\/div>\n<\/div>\n\n<\/div>\n\n\n\n<p><\/p>\n","protected":false},"excerpt":{"rendered":"<p>Welcome to Diplomat Dealer zone. Register your account to access all our marketing, service and sales materials. Please register your account by filling out the registration form.<\/p>\n","protected":false},"author":366,"featured_media":0,"parent":0,"menu_order":0,"comment_status":"closed","ping_status":"closed","template":"","meta":{"_acf_changed":false,"inline_featured_image":false,"footnotes":""},"class_list":["post-15475","page","type-page","status-publish","hentry"],"acf":[],"yoast_head":"<!-- This site is optimized with the Yoast SEO plugin v27.5 - https:\/\/yoast.com\/product\/yoast-seo-wordpress\/ -->\n<title>Registrera din Diplomat Dental produkt | Garanti och certifiering<\/title>\n<meta name=\"description\" content=\"Registrera din Diplomat Dental produkt online f\u00f6r att f\u00e5 garanti, produktcertifiering och officiell support f\u00f6r din dentala utrustning\" \/>\n<meta name=\"robots\" content=\"index, follow, max-snippet:-1, max-image-preview:large, max-video-preview:-1\" \/>\n<link rel=\"canonical\" href=\"https:\/\/diplomat-dental.com\/sv\/register\/\" \/>\n<meta property=\"og:locale\" content=\"sv_SE\" \/>\n<meta property=\"og:type\" content=\"article\" \/>\n<meta property=\"og:title\" content=\"Registrera din Diplomat Dental produkt | Garanti och certifiering\" \/>\n<meta property=\"og:description\" content=\"Registrera din Diplomat Dental produkt online f\u00f6r att f\u00e5 garanti, produktcertifiering och officiell support f\u00f6r din dentala utrustning\" \/>\n<meta property=\"og:url\" content=\"https:\/\/diplomat-dental.com\/sv\/register\/\" \/>\n<meta property=\"og:site_name\" content=\"Diplomat Dental Solutions\" \/>\n<meta property=\"article:modified_time\" content=\"2026-03-10T12:33:48+00:00\" \/>\n<meta property=\"og:image\" content=\"https:\/\/diplomat-dental.com\/wp-content\/themes\/dds\/assets\/helpers\/logo.svg\" \/>\n<meta name=\"twitter:card\" content=\"summary_large_image\" \/>\n<meta name=\"twitter:label1\" content=\"Ber\u00e4knad l\u00e4stid\" \/>\n\t<meta name=\"twitter:data1\" content=\"1 minut\" \/>\n<script type=\"application\/ld+json\" class=\"yoast-schema-graph\">{\"@context\":\"https:\\\/\\\/schema.org\",\"@graph\":[{\"@type\":\"WebPage\",\"@id\":\"https:\\\/\\\/diplomat-dental.com\\\/sv\\\/register\\\/\",\"url\":\"https:\\\/\\\/diplomat-dental.com\\\/sv\\\/register\\\/\",\"name\":\"Registrera din Diplomat Dental produkt | Garanti och certifiering\",\"isPartOf\":{\"@id\":\"https:\\\/\\\/diplomat-dental.com\\\/#website\"},\"primaryImageOfPage\":{\"@id\":\"https:\\\/\\\/diplomat-dental.com\\\/sv\\\/register\\\/#primaryimage\"},\"image\":{\"@id\":\"https:\\\/\\\/diplomat-dental.com\\\/sv\\\/register\\\/#primaryimage\"},\"thumbnailUrl\":\"https:\\\/\\\/diplomat-dental.com\\\/wp-content\\\/themes\\\/dds\\\/assets\\\/helpers\\\/logo.svg\",\"datePublished\":\"2022-06-10T12:16:51+00:00\",\"dateModified\":\"2026-03-10T12:33:48+00:00\",\"description\":\"Registrera din Diplomat Dental produkt online f\u00f6r att f\u00e5 garanti, produktcertifiering och officiell support f\u00f6r din dentala utrustning\",\"breadcrumb\":{\"@id\":\"https:\\\/\\\/diplomat-dental.com\\\/sv\\\/register\\\/#breadcrumb\"},\"inLanguage\":\"sv-SE\",\"potentialAction\":[{\"@type\":\"ReadAction\",\"target\":[\"https:\\\/\\\/diplomat-dental.com\\\/sv\\\/register\\\/\"]}]},{\"@type\":\"ImageObject\",\"inLanguage\":\"sv-SE\",\"@id\":\"https:\\\/\\\/diplomat-dental.com\\\/sv\\\/register\\\/#primaryimage\",\"url\":\"https:\\\/\\\/diplomat-dental.com\\\/wp-content\\\/themes\\\/dds\\\/assets\\\/helpers\\\/logo.svg\",\"contentUrl\":\"https:\\\/\\\/diplomat-dental.com\\\/wp-content\\\/themes\\\/dds\\\/assets\\\/helpers\\\/logo.svg\"},{\"@type\":\"BreadcrumbList\",\"@id\":\"https:\\\/\\\/diplomat-dental.com\\\/sv\\\/register\\\/#breadcrumb\",\"itemListElement\":[{\"@type\":\"ListItem\",\"position\":1,\"name\":\"Home\",\"item\":\"https:\\\/\\\/diplomat-dental.com\\\/sv\\\/\"},{\"@type\":\"ListItem\",\"position\":2,\"name\":\"Register\"}]},{\"@type\":\"WebSite\",\"@id\":\"https:\\\/\\\/diplomat-dental.com\\\/#website\",\"url\":\"https:\\\/\\\/diplomat-dental.com\\\/\",\"name\":\"Diplomat Dental Solutions\",\"description\":\"Enter the era of digitized dentistry.\",\"potentialAction\":[{\"@type\":\"SearchAction\",\"target\":{\"@type\":\"EntryPoint\",\"urlTemplate\":\"https:\\\/\\\/diplomat-dental.com\\\/?s={search_term_string}\"},\"query-input\":{\"@type\":\"PropertyValueSpecification\",\"valueRequired\":true,\"valueName\":\"search_term_string\"}}],\"inLanguage\":\"sv-SE\"}]}<\/script>\n<!-- \/ Yoast SEO plugin. -->","yoast_head_json":{"title":"Registrera din Diplomat Dental produkt | Garanti och certifiering","description":"Registrera din Diplomat Dental produkt online f\u00f6r att f\u00e5 garanti, produktcertifiering och officiell support f\u00f6r din dentala utrustning","robots":{"index":"index","follow":"follow","max-snippet":"max-snippet:-1","max-image-preview":"max-image-preview:large","max-video-preview":"max-video-preview:-1"},"canonical":"https:\/\/diplomat-dental.com\/sv\/register\/","og_locale":"sv_SE","og_type":"article","og_title":"Registrera din Diplomat Dental produkt | Garanti och certifiering","og_description":"Registrera din Diplomat Dental produkt online f\u00f6r att f\u00e5 garanti, produktcertifiering och officiell support f\u00f6r din dentala utrustning","og_url":"https:\/\/diplomat-dental.com\/sv\/register\/","og_site_name":"Diplomat Dental Solutions","article_modified_time":"2026-03-10T12:33:48+00:00","og_image":[{"url":"https:\/\/diplomat-dental.com\/wp-content\/themes\/dds\/assets\/helpers\/logo.svg","type":"","width":"","height":""}],"twitter_card":"summary_large_image","twitter_misc":{"Ber\u00e4knad l\u00e4stid":"1 minut"},"schema":{"@context":"https:\/\/schema.org","@graph":[{"@type":"WebPage","@id":"https:\/\/diplomat-dental.com\/sv\/register\/","url":"https:\/\/diplomat-dental.com\/sv\/register\/","name":"Registrera din Diplomat Dental produkt | Garanti och certifiering","isPartOf":{"@id":"https:\/\/diplomat-dental.com\/#website"},"primaryImageOfPage":{"@id":"https:\/\/diplomat-dental.com\/sv\/register\/#primaryimage"},"image":{"@id":"https:\/\/diplomat-dental.com\/sv\/register\/#primaryimage"},"thumbnailUrl":"https:\/\/diplomat-dental.com\/wp-content\/themes\/dds\/assets\/helpers\/logo.svg","datePublished":"2022-06-10T12:16:51+00:00","dateModified":"2026-03-10T12:33:48+00:00","description":"Registrera din Diplomat Dental produkt online f\u00f6r att f\u00e5 garanti, produktcertifiering och officiell support f\u00f6r din dentala utrustning","breadcrumb":{"@id":"https:\/\/diplomat-dental.com\/sv\/register\/#breadcrumb"},"inLanguage":"sv-SE","potentialAction":[{"@type":"ReadAction","target":["https:\/\/diplomat-dental.com\/sv\/register\/"]}]},{"@type":"ImageObject","inLanguage":"sv-SE","@id":"https:\/\/diplomat-dental.com\/sv\/register\/#primaryimage","url":"https:\/\/diplomat-dental.com\/wp-content\/themes\/dds\/assets\/helpers\/logo.svg","contentUrl":"https:\/\/diplomat-dental.com\/wp-content\/themes\/dds\/assets\/helpers\/logo.svg"},{"@type":"BreadcrumbList","@id":"https:\/\/diplomat-dental.com\/sv\/register\/#breadcrumb","itemListElement":[{"@type":"ListItem","position":1,"name":"Home","item":"https:\/\/diplomat-dental.com\/sv\/"},{"@type":"ListItem","position":2,"name":"Register"}]},{"@type":"WebSite","@id":"https:\/\/diplomat-dental.com\/#website","url":"https:\/\/diplomat-dental.com\/","name":"Diplomat Dental Solutions","description":"Enter the era of digitized dentistry.","potentialAction":[{"@type":"SearchAction","target":{"@type":"EntryPoint","urlTemplate":"https:\/\/diplomat-dental.com\/?s={search_term_string}"},"query-input":{"@type":"PropertyValueSpecification","valueRequired":true,"valueName":"search_term_string"}}],"inLanguage":"sv-SE"}]}},"_links":{"self":[{"href":"https:\/\/diplomat-dental.com\/sv\/wp-json\/wp\/v2\/pages\/15475","targetHints":{"allow":["GET"]}}],"collection":[{"href":"https:\/\/diplomat-dental.com\/sv\/wp-json\/wp\/v2\/pages"}],"about":[{"href":"https:\/\/diplomat-dental.com\/sv\/wp-json\/wp\/v2\/types\/page"}],"author":[{"embeddable":true,"href":"https:\/\/diplomat-dental.com\/sv\/wp-json\/wp\/v2\/users\/366"}],"replies":[{"embeddable":true,"href":"https:\/\/diplomat-dental.com\/sv\/wp-json\/wp\/v2\/comments?post=15475"}],"version-history":[{"count":1,"href":"https:\/\/diplomat-dental.com\/sv\/wp-json\/wp\/v2\/pages\/15475\/revisions"}],"predecessor-version":[{"id":15476,"href":"https:\/\/diplomat-dental.com\/sv\/wp-json\/wp\/v2\/pages\/15475\/revisions\/15476"}],"wp:attachment":[{"href":"https:\/\/diplomat-dental.com\/sv\/wp-json\/wp\/v2\/media?parent=15475"}],"curies":[{"name":"wp","href":"https:\/\/api.w.org\/{rel}","templated":true}]}}