{"id":15473,"date":"2026-03-10T13:08:35","date_gmt":"2026-03-10T12:08:35","guid":{"rendered":"https:\/\/diplomat-dental.com\/?page_id=15473"},"modified":"2026-03-10T13:08:52","modified_gmt":"2026-03-10T12:08:52","slug":"select-login","status":"publish","type":"page","link":"https:\/\/diplomat-dental.com\/sv\/select-login\/","title":{"rendered":"Select Login"},"content":{"rendered":"\n<div class=\"login-page\">\n<a href=\"https:\/\/diplomat-dental.com\/\"><img decoding=\"async\" class=\"absolute-logo\" src=\"https:\/\/diplomat-dental.com\/wp-content\/themes\/dds\/assets\/helpers\/logo.svg\"><\/a>\n\n<div class=\"login-left\">\n\n<div class=\"content\">\n<h1>Welcome<br> \n<span style=\"color: #009cdd;\">to Diplomat<br>\nLogin.<\/span><\/h1>\n<p style=\"text-align:center;\">This is the login area for our<br> business partners or education.<\/p>\n<\/div>\n\n<\/div>\n\n<div class=\"login-right\">\n<div class=\"content\">\n\n<a class=\"login-box-a\" href=\"https:\/\/diplomat-dental.com\/login\/\"><div class=\"login-box login-box-one\">\n<h1>Dealer<br>\narea.<\/h1>\n<p>Here you will have access to our marketing,<br>\n service and sales materials.<\/p>\n<\/div>\n<\/a>\n\n\n<a class=\"login-box-a\" target=\"_blank\" href=\"https:\/\/www.diplomat-service.com\/\" rel=\"noopener\">\n<div class=\"login-box login-box-two\">\n<h1>Diplomat<br>\nTecStudio.<\/h1>\n<p>Here you will have access to our<br>\n educational programme.<\/p>\n<\/div>\n<\/a>\n\n<\/div>\n<\/div>\n\n<\/div>\n","protected":false},"excerpt":{"rendered":"<p>Welcome to Diplomat Login. This is the login area for our business partners or education. Dealer area. Here you will have access to our marketing, service and sales materials. Diplomat TecStudio. Here you will have access to our educational programme.<\/p>\n","protected":false},"author":366,"featured_media":0,"parent":0,"menu_order":0,"comment_status":"closed","ping_status":"closed","template":"","meta":{"_acf_changed":false,"inline_featured_image":false,"footnotes":""},"class_list":["post-15473","page","type-page","status-publish","hentry"],"acf":[],"yoast_head":"<!-- This site is optimized with the Yoast SEO plugin v27.4 - https:\/\/yoast.com\/product\/yoast-seo-wordpress\/ -->\n<title>Diplomat Dental Inloggning | Partner- och utbildningsportal<\/title>\n<meta name=\"description\" content=\"Logga in i Diplomat Dental-portalen f\u00f6r partners och utbildning och f\u00e5 tillg\u00e5ng till marknadsf\u00f6rings-, service- och s\u00e4ljmateriel\" \/>\n<meta name=\"robots\" content=\"index, follow, max-snippet:-1, max-image-preview:large, max-video-preview:-1\" \/>\n<link rel=\"canonical\" href=\"https:\/\/diplomat-dental.com\/sv\/select-login\/\" \/>\n<meta property=\"og:locale\" content=\"sv_SE\" \/>\n<meta property=\"og:type\" content=\"article\" \/>\n<meta property=\"og:title\" content=\"Diplomat Dental Inloggning | Partner- och utbildningsportal\" \/>\n<meta property=\"og:description\" content=\"Logga in i Diplomat Dental-portalen f\u00f6r partners och utbildning och f\u00e5 tillg\u00e5ng till marknadsf\u00f6rings-, service- och s\u00e4ljmateriel\" \/>\n<meta property=\"og:url\" content=\"https:\/\/diplomat-dental.com\/sv\/select-login\/\" \/>\n<meta property=\"og:site_name\" content=\"Diplomat Dental Solutions\" \/>\n<meta property=\"article:modified_time\" content=\"2026-03-10T12:08:52+00:00\" \/>\n<meta property=\"og:image\" content=\"https:\/\/diplomat-dental.com\/wp-content\/themes\/dds\/assets\/helpers\/logo.svg\" \/>\n<meta name=\"twitter:card\" content=\"summary_large_image\" \/>\n<meta name=\"twitter:label1\" content=\"Ber\u00e4knad l\u00e4stid\" \/>\n\t<meta name=\"twitter:data1\" content=\"1 minut\" \/>\n<script type=\"application\/ld+json\" class=\"yoast-schema-graph\">{\"@context\":\"https:\\\/\\\/schema.org\",\"@graph\":[{\"@type\":\"WebPage\",\"@id\":\"https:\\\/\\\/diplomat-dental.com\\\/sv\\\/select-login\\\/\",\"url\":\"https:\\\/\\\/diplomat-dental.com\\\/sv\\\/select-login\\\/\",\"name\":\"Diplomat Dental Inloggning | Partner- och utbildningsportal\",\"isPartOf\":{\"@id\":\"https:\\\/\\\/diplomat-dental.com\\\/#website\"},\"primaryImageOfPage\":{\"@id\":\"https:\\\/\\\/diplomat-dental.com\\\/sv\\\/select-login\\\/#primaryimage\"},\"image\":{\"@id\":\"https:\\\/\\\/diplomat-dental.com\\\/sv\\\/select-login\\\/#primaryimage\"},\"thumbnailUrl\":\"https:\\\/\\\/diplomat-dental.com\\\/wp-content\\\/themes\\\/dds\\\/assets\\\/helpers\\\/logo.svg\",\"datePublished\":\"2026-03-10T12:08:35+00:00\",\"dateModified\":\"2026-03-10T12:08:52+00:00\",\"description\":\"Logga in i Diplomat Dental-portalen f\u00f6r partners och utbildning och f\u00e5 tillg\u00e5ng till marknadsf\u00f6rings-, service- och s\u00e4ljmateriel\",\"breadcrumb\":{\"@id\":\"https:\\\/\\\/diplomat-dental.com\\\/sv\\\/select-login\\\/#breadcrumb\"},\"inLanguage\":\"sv-SE\",\"potentialAction\":[{\"@type\":\"ReadAction\",\"target\":[\"https:\\\/\\\/diplomat-dental.com\\\/sv\\\/select-login\\\/\"]}]},{\"@type\":\"ImageObject\",\"inLanguage\":\"sv-SE\",\"@id\":\"https:\\\/\\\/diplomat-dental.com\\\/sv\\\/select-login\\\/#primaryimage\",\"url\":\"https:\\\/\\\/diplomat-dental.com\\\/wp-content\\\/themes\\\/dds\\\/assets\\\/helpers\\\/logo.svg\",\"contentUrl\":\"https:\\\/\\\/diplomat-dental.com\\\/wp-content\\\/themes\\\/dds\\\/assets\\\/helpers\\\/logo.svg\"},{\"@type\":\"BreadcrumbList\",\"@id\":\"https:\\\/\\\/diplomat-dental.com\\\/sv\\\/select-login\\\/#breadcrumb\",\"itemListElement\":[{\"@type\":\"ListItem\",\"position\":1,\"name\":\"Home\",\"item\":\"https:\\\/\\\/diplomat-dental.com\\\/sv\\\/\"},{\"@type\":\"ListItem\",\"position\":2,\"name\":\"Select Login\"}]},{\"@type\":\"WebSite\",\"@id\":\"https:\\\/\\\/diplomat-dental.com\\\/#website\",\"url\":\"https:\\\/\\\/diplomat-dental.com\\\/\",\"name\":\"Diplomat Dental Solutions\",\"description\":\"Enter the era of digitized dentistry.\",\"potentialAction\":[{\"@type\":\"SearchAction\",\"target\":{\"@type\":\"EntryPoint\",\"urlTemplate\":\"https:\\\/\\\/diplomat-dental.com\\\/?s={search_term_string}\"},\"query-input\":{\"@type\":\"PropertyValueSpecification\",\"valueRequired\":true,\"valueName\":\"search_term_string\"}}],\"inLanguage\":\"sv-SE\"}]}<\/script>\n<!-- \/ Yoast SEO plugin. -->","yoast_head_json":{"title":"Diplomat Dental Inloggning | Partner- och utbildningsportal","description":"Logga in i Diplomat Dental-portalen f\u00f6r partners och utbildning och f\u00e5 tillg\u00e5ng till marknadsf\u00f6rings-, service- och s\u00e4ljmateriel","robots":{"index":"index","follow":"follow","max-snippet":"max-snippet:-1","max-image-preview":"max-image-preview:large","max-video-preview":"max-video-preview:-1"},"canonical":"https:\/\/diplomat-dental.com\/sv\/select-login\/","og_locale":"sv_SE","og_type":"article","og_title":"Diplomat Dental Inloggning | Partner- och utbildningsportal","og_description":"Logga in i Diplomat Dental-portalen f\u00f6r partners och utbildning och f\u00e5 tillg\u00e5ng till marknadsf\u00f6rings-, service- och s\u00e4ljmateriel","og_url":"https:\/\/diplomat-dental.com\/sv\/select-login\/","og_site_name":"Diplomat Dental Solutions","article_modified_time":"2026-03-10T12:08:52+00:00","og_image":[{"url":"https:\/\/diplomat-dental.com\/wp-content\/themes\/dds\/assets\/helpers\/logo.svg","type":"","width":"","height":""}],"twitter_card":"summary_large_image","twitter_misc":{"Ber\u00e4knad l\u00e4stid":"1 minut"},"schema":{"@context":"https:\/\/schema.org","@graph":[{"@type":"WebPage","@id":"https:\/\/diplomat-dental.com\/sv\/select-login\/","url":"https:\/\/diplomat-dental.com\/sv\/select-login\/","name":"Diplomat Dental Inloggning | Partner- och utbildningsportal","isPartOf":{"@id":"https:\/\/diplomat-dental.com\/#website"},"primaryImageOfPage":{"@id":"https:\/\/diplomat-dental.com\/sv\/select-login\/#primaryimage"},"image":{"@id":"https:\/\/diplomat-dental.com\/sv\/select-login\/#primaryimage"},"thumbnailUrl":"https:\/\/diplomat-dental.com\/wp-content\/themes\/dds\/assets\/helpers\/logo.svg","datePublished":"2026-03-10T12:08:35+00:00","dateModified":"2026-03-10T12:08:52+00:00","description":"Logga in i Diplomat Dental-portalen f\u00f6r partners och utbildning och f\u00e5 tillg\u00e5ng till marknadsf\u00f6rings-, service- och s\u00e4ljmateriel","breadcrumb":{"@id":"https:\/\/diplomat-dental.com\/sv\/select-login\/#breadcrumb"},"inLanguage":"sv-SE","potentialAction":[{"@type":"ReadAction","target":["https:\/\/diplomat-dental.com\/sv\/select-login\/"]}]},{"@type":"ImageObject","inLanguage":"sv-SE","@id":"https:\/\/diplomat-dental.com\/sv\/select-login\/#primaryimage","url":"https:\/\/diplomat-dental.com\/wp-content\/themes\/dds\/assets\/helpers\/logo.svg","contentUrl":"https:\/\/diplomat-dental.com\/wp-content\/themes\/dds\/assets\/helpers\/logo.svg"},{"@type":"BreadcrumbList","@id":"https:\/\/diplomat-dental.com\/sv\/select-login\/#breadcrumb","itemListElement":[{"@type":"ListItem","position":1,"name":"Home","item":"https:\/\/diplomat-dental.com\/sv\/"},{"@type":"ListItem","position":2,"name":"Select Login"}]},{"@type":"WebSite","@id":"https:\/\/diplomat-dental.com\/#website","url":"https:\/\/diplomat-dental.com\/","name":"Diplomat Dental Solutions","description":"Enter the era of digitized dentistry.","potentialAction":[{"@type":"SearchAction","target":{"@type":"EntryPoint","urlTemplate":"https:\/\/diplomat-dental.com\/?s={search_term_string}"},"query-input":{"@type":"PropertyValueSpecification","valueRequired":true,"valueName":"search_term_string"}}],"inLanguage":"sv-SE"}]}},"_links":{"self":[{"href":"https:\/\/diplomat-dental.com\/sv\/wp-json\/wp\/v2\/pages\/15473","targetHints":{"allow":["GET"]}}],"collection":[{"href":"https:\/\/diplomat-dental.com\/sv\/wp-json\/wp\/v2\/pages"}],"about":[{"href":"https:\/\/diplomat-dental.com\/sv\/wp-json\/wp\/v2\/types\/page"}],"author":[{"embeddable":true,"href":"https:\/\/diplomat-dental.com\/sv\/wp-json\/wp\/v2\/users\/366"}],"replies":[{"embeddable":true,"href":"https:\/\/diplomat-dental.com\/sv\/wp-json\/wp\/v2\/comments?post=15473"}],"version-history":[{"count":1,"href":"https:\/\/diplomat-dental.com\/sv\/wp-json\/wp\/v2\/pages\/15473\/revisions"}],"predecessor-version":[{"id":15474,"href":"https:\/\/diplomat-dental.com\/sv\/wp-json\/wp\/v2\/pages\/15473\/revisions\/15474"}],"wp:attachment":[{"href":"https:\/\/diplomat-dental.com\/sv\/wp-json\/wp\/v2\/media?parent=15473"}],"curies":[{"name":"wp","href":"https:\/\/api.w.org\/{rel}","templated":true}]}}