{"id":20182,"date":"2026-03-10T13:42:35","date_gmt":"2026-03-10T12:42:35","guid":{"rendered":"https:\/\/diplomat-dental.com\/?page_id=20182"},"modified":"2026-03-10T13:42:37","modified_gmt":"2026-03-10T12:42:37","slug":"model-one-catalog","status":"publish","type":"page","link":"https:\/\/diplomat-dental.com\/sk\/model-one-catalog\/","title":{"rendered":"Model One catalog"},"content":{"rendered":"\n<div class=\"_df_book df-lite\" id=\"df_20169\"  _slug=\"model-one-sk\" data-title=\"model-one-sk\" wpoptions=\"true\" thumbtype=\"\" ><\/div><script class=\"df-shortcode-script\" nowprocket type=\"application\/javascript\">window.option_df_20169 = {\"outline\":[],\"autoEnableOutline\":\"false\",\"autoEnableThumbnail\":\"false\",\"overwritePDFOutline\":\"false\",\"backgroundImage\":\"https:\\\/\\\/diplomat-dental.com\\\/wp-content\\\/uploads\\\/2023\\\/11\\\/DTI-article-image-1920x1080-v2.png\",\"direction\":\"1\",\"pageSize\":\"0\",\"source\":\"https:\\\/\\\/diplomat-dental.com\\\/wp-content\\\/uploads\\\/2024\\\/10\\\/202404_Katalog_ModelOne2023_SK_Preview_Pages.pdf\",\"wpOptions\":\"true\"}; if(window.DFLIP && window.DFLIP.parseBooks){window.DFLIP.parseBooks();}<\/script>\n","protected":false},"excerpt":{"rendered":"","protected":false},"author":366,"featured_media":0,"parent":0,"menu_order":0,"comment_status":"closed","ping_status":"closed","template":"","meta":{"_acf_changed":false,"inline_featured_image":false,"footnotes":""},"class_list":["post-20182","page","type-page","status-publish","hentry"],"acf":[],"yoast_head":"<!-- This site is optimized with the Yoast SEO plugin v27.4 - https:\/\/yoast.com\/product\/yoast-seo-wordpress\/ -->\n<title>Model One katal\u00f3g | Diplomat Dental<\/title>\n<meta name=\"description\" content=\"Prezrite si katal\u00f3g s\u00e9rie Model One a objavte ergonomick\u00e9 zubn\u00e9 s\u00fapravy a vybavenie pre modern\u00e9 zubn\u00e9 ambulancie\" \/>\n<meta name=\"robots\" content=\"index, follow, max-snippet:-1, max-image-preview:large, max-video-preview:-1\" \/>\n<link rel=\"canonical\" href=\"https:\/\/diplomat-dental.com\/sk\/model-one-catalog\/\" \/>\n<meta property=\"og:locale\" content=\"sk_SK\" \/>\n<meta property=\"og:type\" content=\"article\" \/>\n<meta property=\"og:title\" content=\"Model One katal\u00f3g | Diplomat Dental\" \/>\n<meta property=\"og:description\" content=\"Prezrite si katal\u00f3g s\u00e9rie Model One a objavte ergonomick\u00e9 zubn\u00e9 s\u00fapravy a vybavenie pre modern\u00e9 zubn\u00e9 ambulancie\" \/>\n<meta property=\"og:url\" content=\"https:\/\/diplomat-dental.com\/sk\/model-one-catalog\/\" \/>\n<meta property=\"og:site_name\" content=\"Diplomat Dental Solutions\" \/>\n<meta property=\"article:modified_time\" content=\"2026-03-10T12:42:37+00:00\" \/>\n<meta name=\"twitter:card\" content=\"summary_large_image\" \/>\n<meta name=\"twitter:label1\" content=\"Predpokladan\u00fd \u010das \u010d\u00edtania\" \/>\n\t<meta name=\"twitter:data1\" content=\"1 min\u00fata\" \/>\n<script type=\"application\/ld+json\" class=\"yoast-schema-graph\">{\"@context\":\"https:\\\/\\\/schema.org\",\"@graph\":[{\"@type\":\"WebPage\",\"@id\":\"https:\\\/\\\/diplomat-dental.com\\\/sk\\\/model-one-catalog\\\/\",\"url\":\"https:\\\/\\\/diplomat-dental.com\\\/sk\\\/model-one-catalog\\\/\",\"name\":\"Model One katal\u00f3g | Diplomat Dental\",\"isPartOf\":{\"@id\":\"https:\\\/\\\/diplomat-dental.com\\\/#website\"},\"datePublished\":\"2026-03-10T12:42:35+00:00\",\"dateModified\":\"2026-03-10T12:42:37+00:00\",\"description\":\"Prezrite si katal\u00f3g s\u00e9rie Model One a objavte ergonomick\u00e9 zubn\u00e9 s\u00fapravy a vybavenie pre modern\u00e9 zubn\u00e9 ambulancie\",\"breadcrumb\":{\"@id\":\"https:\\\/\\\/diplomat-dental.com\\\/sk\\\/model-one-catalog\\\/#breadcrumb\"},\"inLanguage\":\"sk-SK\",\"potentialAction\":[{\"@type\":\"ReadAction\",\"target\":[\"https:\\\/\\\/diplomat-dental.com\\\/sk\\\/model-one-catalog\\\/\"]}]},{\"@type\":\"BreadcrumbList\",\"@id\":\"https:\\\/\\\/diplomat-dental.com\\\/sk\\\/model-one-catalog\\\/#breadcrumb\",\"itemListElement\":[{\"@type\":\"ListItem\",\"position\":1,\"name\":\"Home\",\"item\":\"https:\\\/\\\/diplomat-dental.com\\\/sk\\\/\"},{\"@type\":\"ListItem\",\"position\":2,\"name\":\"Model One catalog\"}]},{\"@type\":\"WebSite\",\"@id\":\"https:\\\/\\\/diplomat-dental.com\\\/#website\",\"url\":\"https:\\\/\\\/diplomat-dental.com\\\/\",\"name\":\"Diplomat Dental Solutions\",\"description\":\"Enter the era of digitized dentistry.\",\"potentialAction\":[{\"@type\":\"SearchAction\",\"target\":{\"@type\":\"EntryPoint\",\"urlTemplate\":\"https:\\\/\\\/diplomat-dental.com\\\/?s={search_term_string}\"},\"query-input\":{\"@type\":\"PropertyValueSpecification\",\"valueRequired\":true,\"valueName\":\"search_term_string\"}}],\"inLanguage\":\"sk-SK\"}]}<\/script>\n<!-- \/ Yoast SEO plugin. -->","yoast_head_json":{"title":"Model One katal\u00f3g | Diplomat Dental","description":"Prezrite si katal\u00f3g s\u00e9rie Model One a objavte ergonomick\u00e9 zubn\u00e9 s\u00fapravy a vybavenie pre modern\u00e9 zubn\u00e9 ambulancie","robots":{"index":"index","follow":"follow","max-snippet":"max-snippet:-1","max-image-preview":"max-image-preview:large","max-video-preview":"max-video-preview:-1"},"canonical":"https:\/\/diplomat-dental.com\/sk\/model-one-catalog\/","og_locale":"sk_SK","og_type":"article","og_title":"Model One katal\u00f3g | Diplomat Dental","og_description":"Prezrite si katal\u00f3g s\u00e9rie Model One a objavte ergonomick\u00e9 zubn\u00e9 s\u00fapravy a vybavenie pre modern\u00e9 zubn\u00e9 ambulancie","og_url":"https:\/\/diplomat-dental.com\/sk\/model-one-catalog\/","og_site_name":"Diplomat Dental Solutions","article_modified_time":"2026-03-10T12:42:37+00:00","twitter_card":"summary_large_image","twitter_misc":{"Predpokladan\u00fd \u010das \u010d\u00edtania":"1 min\u00fata"},"schema":{"@context":"https:\/\/schema.org","@graph":[{"@type":"WebPage","@id":"https:\/\/diplomat-dental.com\/sk\/model-one-catalog\/","url":"https:\/\/diplomat-dental.com\/sk\/model-one-catalog\/","name":"Model One katal\u00f3g | Diplomat Dental","isPartOf":{"@id":"https:\/\/diplomat-dental.com\/#website"},"datePublished":"2026-03-10T12:42:35+00:00","dateModified":"2026-03-10T12:42:37+00:00","description":"Prezrite si katal\u00f3g s\u00e9rie Model One a objavte ergonomick\u00e9 zubn\u00e9 s\u00fapravy a vybavenie pre modern\u00e9 zubn\u00e9 ambulancie","breadcrumb":{"@id":"https:\/\/diplomat-dental.com\/sk\/model-one-catalog\/#breadcrumb"},"inLanguage":"sk-SK","potentialAction":[{"@type":"ReadAction","target":["https:\/\/diplomat-dental.com\/sk\/model-one-catalog\/"]}]},{"@type":"BreadcrumbList","@id":"https:\/\/diplomat-dental.com\/sk\/model-one-catalog\/#breadcrumb","itemListElement":[{"@type":"ListItem","position":1,"name":"Home","item":"https:\/\/diplomat-dental.com\/sk\/"},{"@type":"ListItem","position":2,"name":"Model One catalog"}]},{"@type":"WebSite","@id":"https:\/\/diplomat-dental.com\/#website","url":"https:\/\/diplomat-dental.com\/","name":"Diplomat Dental Solutions","description":"Enter the era of digitized dentistry.","potentialAction":[{"@type":"SearchAction","target":{"@type":"EntryPoint","urlTemplate":"https:\/\/diplomat-dental.com\/?s={search_term_string}"},"query-input":{"@type":"PropertyValueSpecification","valueRequired":true,"valueName":"search_term_string"}}],"inLanguage":"sk-SK"}]}},"_links":{"self":[{"href":"https:\/\/diplomat-dental.com\/sk\/wp-json\/wp\/v2\/pages\/20182","targetHints":{"allow":["GET"]}}],"collection":[{"href":"https:\/\/diplomat-dental.com\/sk\/wp-json\/wp\/v2\/pages"}],"about":[{"href":"https:\/\/diplomat-dental.com\/sk\/wp-json\/wp\/v2\/types\/page"}],"author":[{"embeddable":true,"href":"https:\/\/diplomat-dental.com\/sk\/wp-json\/wp\/v2\/users\/366"}],"replies":[{"embeddable":true,"href":"https:\/\/diplomat-dental.com\/sk\/wp-json\/wp\/v2\/comments?post=20182"}],"version-history":[{"count":1,"href":"https:\/\/diplomat-dental.com\/sk\/wp-json\/wp\/v2\/pages\/20182\/revisions"}],"predecessor-version":[{"id":20183,"href":"https:\/\/diplomat-dental.com\/sk\/wp-json\/wp\/v2\/pages\/20182\/revisions\/20183"}],"wp:attachment":[{"href":"https:\/\/diplomat-dental.com\/sk\/wp-json\/wp\/v2\/media?parent=20182"}],"curies":[{"name":"wp","href":"https:\/\/api.w.org\/{rel}","templated":true}]}}