{"id":21202,"date":"2026-03-10T08:11:42","date_gmt":"2026-03-10T07:11:42","guid":{"rendered":"https:\/\/diplomat-dental.com\/?page_id=21202"},"modified":"2026-03-10T08:11:59","modified_gmt":"2026-03-10T07:11:59","slug":"thank-you-it","status":"publish","type":"page","link":"https:\/\/diplomat-dental.com\/it\/thank-you-it\/","title":{"rendered":"Thank you IT"},"content":{"rendered":"<div class=\"wp-block-image\">\n<figure class=\"alignright size-large is-resized\"><img loading=\"lazy\" decoding=\"async\" width=\"1024\" height=\"1024\" src=\"https:\/\/diplomat-dental.com\/wp-content\/uploads\/2024\/03\/Square-1024x1024.png\" alt=\"\" class=\"wp-image-16869\" style=\"width:364px;height:364px\" srcset=\"https:\/\/diplomat-dental.com\/wp-content\/uploads\/2024\/03\/Square-1024x1024.png 1024w, https:\/\/diplomat-dental.com\/wp-content\/uploads\/2024\/03\/Square-300x300.png 300w, https:\/\/diplomat-dental.com\/wp-content\/uploads\/2024\/03\/Square-150x150.png 150w, https:\/\/diplomat-dental.com\/wp-content\/uploads\/2024\/03\/Square-768x768.png 768w, https:\/\/diplomat-dental.com\/wp-content\/uploads\/2024\/03\/Square.png 1200w\" sizes=\"auto, (max-width: 1024px) 100vw, 1024px\" \/><\/figure><\/div>\n\n\t<section id=\"\" class=\"text\" >\n\t\t<div class=\"container\">\n\t\t\t<div class=\"row\">\n\t\t\t\t<div class=\"content\">\n\t\t\t\t\t<h1 style=\"text-align: center;\"><span style=\"color: #009cdd;\">Grazie per averci fornito i vostri dati di contatto!<\/span><br \/>\n<span style=\"color: #009cdd;\">Il nostro distributore vi contatter\u00e0 entro 24 ore!<\/span><\/h1>\n\t\t\t\t<\/div>\n\t\t\t<\/div>\n\t\t<\/div>\n\t<\/section>\n","protected":false},"excerpt":{"rendered":"","protected":false},"author":366,"featured_media":0,"parent":0,"menu_order":0,"comment_status":"closed","ping_status":"closed","template":"","meta":{"_acf_changed":false,"inline_featured_image":false,"footnotes":""},"class_list":["post-21202","page","type-page","status-publish","hentry"],"acf":[],"yoast_head":"<!-- This site is optimized with the Yoast SEO plugin v27.5 - https:\/\/yoast.com\/product\/yoast-seo-wordpress\/ -->\n<title>Grazie per aver contattato Diplomat Dental | Unit\u00e0 dentali<\/title>\n<meta name=\"description\" content=\"Grazie per aver contattato. Il nostro team ti risponder\u00e0 a breve. Scopri le nostre unit\u00e0 dentali professionali per studi dentistici moderni\" \/>\n<meta name=\"robots\" content=\"index, follow, max-snippet:-1, max-image-preview:large, max-video-preview:-1\" \/>\n<link rel=\"canonical\" href=\"https:\/\/diplomat-dental.com\/it\/thank-you-it\/\" \/>\n<meta property=\"og:locale\" content=\"it_IT\" \/>\n<meta property=\"og:type\" content=\"article\" \/>\n<meta property=\"og:title\" content=\"Grazie per aver contattato Diplomat Dental | Unit\u00e0 dentali\" \/>\n<meta property=\"og:description\" content=\"Grazie per aver contattato. Il nostro team ti risponder\u00e0 a breve. Scopri le nostre unit\u00e0 dentali professionali per studi dentistici moderni\" \/>\n<meta property=\"og:url\" content=\"https:\/\/diplomat-dental.com\/it\/thank-you-it\/\" \/>\n<meta property=\"og:site_name\" content=\"Diplomat Dental Solutions\" \/>\n<meta property=\"article:modified_time\" content=\"2026-03-10T07:11:59+00:00\" \/>\n<meta property=\"og:image\" content=\"https:\/\/diplomat-dental.com\/wp-content\/uploads\/2024\/03\/Square-1200x900.png\" \/>\n\t<meta property=\"og:image:width\" content=\"1200\" \/>\n\t<meta property=\"og:image:height\" content=\"1200\" \/>\n\t<meta property=\"og:image:type\" content=\"image\/png\" \/>\n<meta name=\"twitter:card\" content=\"summary_large_image\" \/>\n<meta name=\"twitter:label1\" content=\"Tempo di lettura stimato\" \/>\n\t<meta name=\"twitter:data1\" content=\"1 minuto\" \/>\n<script type=\"application\/ld+json\" class=\"yoast-schema-graph\">{\"@context\":\"https:\\\/\\\/schema.org\",\"@graph\":[{\"@type\":\"WebPage\",\"@id\":\"https:\\\/\\\/diplomat-dental.com\\\/it\\\/thank-you-it\\\/\",\"url\":\"https:\\\/\\\/diplomat-dental.com\\\/it\\\/thank-you-it\\\/\",\"name\":\"Grazie per aver contattato Diplomat Dental | Unit\u00e0 dentali\",\"isPartOf\":{\"@id\":\"https:\\\/\\\/diplomat-dental.com\\\/#website\"},\"primaryImageOfPage\":{\"@id\":\"https:\\\/\\\/diplomat-dental.com\\\/it\\\/thank-you-it\\\/#primaryimage\"},\"image\":{\"@id\":\"https:\\\/\\\/diplomat-dental.com\\\/it\\\/thank-you-it\\\/#primaryimage\"},\"thumbnailUrl\":\"https:\\\/\\\/diplomat-dental.com\\\/wp-content\\\/uploads\\\/2024\\\/03\\\/Square-1024x1024.png\",\"datePublished\":\"2026-03-10T07:11:42+00:00\",\"dateModified\":\"2026-03-10T07:11:59+00:00\",\"description\":\"Grazie per aver contattato. Il nostro team ti risponder\u00e0 a breve. Scopri le nostre unit\u00e0 dentali professionali per studi dentistici moderni\",\"breadcrumb\":{\"@id\":\"https:\\\/\\\/diplomat-dental.com\\\/it\\\/thank-you-it\\\/#breadcrumb\"},\"inLanguage\":\"it-IT\",\"potentialAction\":[{\"@type\":\"ReadAction\",\"target\":[\"https:\\\/\\\/diplomat-dental.com\\\/it\\\/thank-you-it\\\/\"]}]},{\"@type\":\"ImageObject\",\"inLanguage\":\"it-IT\",\"@id\":\"https:\\\/\\\/diplomat-dental.com\\\/it\\\/thank-you-it\\\/#primaryimage\",\"url\":\"https:\\\/\\\/diplomat-dental.com\\\/wp-content\\\/uploads\\\/2024\\\/03\\\/Square-1024x1024.png\",\"contentUrl\":\"https:\\\/\\\/diplomat-dental.com\\\/wp-content\\\/uploads\\\/2024\\\/03\\\/Square-1024x1024.png\"},{\"@type\":\"BreadcrumbList\",\"@id\":\"https:\\\/\\\/diplomat-dental.com\\\/it\\\/thank-you-it\\\/#breadcrumb\",\"itemListElement\":[{\"@type\":\"ListItem\",\"position\":1,\"name\":\"Home\",\"item\":\"https:\\\/\\\/diplomat-dental.com\\\/it\\\/\"},{\"@type\":\"ListItem\",\"position\":2,\"name\":\"Thank you IT\"}]},{\"@type\":\"WebSite\",\"@id\":\"https:\\\/\\\/diplomat-dental.com\\\/#website\",\"url\":\"https:\\\/\\\/diplomat-dental.com\\\/\",\"name\":\"Diplomat Dental Solutions\",\"description\":\"Enter the era of digitized dentistry.\",\"potentialAction\":[{\"@type\":\"SearchAction\",\"target\":{\"@type\":\"EntryPoint\",\"urlTemplate\":\"https:\\\/\\\/diplomat-dental.com\\\/?s={search_term_string}\"},\"query-input\":{\"@type\":\"PropertyValueSpecification\",\"valueRequired\":true,\"valueName\":\"search_term_string\"}}],\"inLanguage\":\"it-IT\"}]}<\/script>\n<!-- \/ Yoast SEO plugin. -->","yoast_head_json":{"title":"Grazie per aver contattato Diplomat Dental | Unit\u00e0 dentali","description":"Grazie per aver contattato. Il nostro team ti risponder\u00e0 a breve. Scopri le nostre unit\u00e0 dentali professionali per studi dentistici moderni","robots":{"index":"index","follow":"follow","max-snippet":"max-snippet:-1","max-image-preview":"max-image-preview:large","max-video-preview":"max-video-preview:-1"},"canonical":"https:\/\/diplomat-dental.com\/it\/thank-you-it\/","og_locale":"it_IT","og_type":"article","og_title":"Grazie per aver contattato Diplomat Dental | Unit\u00e0 dentali","og_description":"Grazie per aver contattato. Il nostro team ti risponder\u00e0 a breve. Scopri le nostre unit\u00e0 dentali professionali per studi dentistici moderni","og_url":"https:\/\/diplomat-dental.com\/it\/thank-you-it\/","og_site_name":"Diplomat Dental Solutions","article_modified_time":"2026-03-10T07:11:59+00:00","og_image":[{"width":1200,"height":1200,"url":"https:\/\/diplomat-dental.com\/wp-content\/uploads\/2024\/03\/Square-1200x900.png","type":"image\/png"}],"twitter_card":"summary_large_image","twitter_misc":{"Tempo di lettura stimato":"1 minuto"},"schema":{"@context":"https:\/\/schema.org","@graph":[{"@type":"WebPage","@id":"https:\/\/diplomat-dental.com\/it\/thank-you-it\/","url":"https:\/\/diplomat-dental.com\/it\/thank-you-it\/","name":"Grazie per aver contattato Diplomat Dental | Unit\u00e0 dentali","isPartOf":{"@id":"https:\/\/diplomat-dental.com\/#website"},"primaryImageOfPage":{"@id":"https:\/\/diplomat-dental.com\/it\/thank-you-it\/#primaryimage"},"image":{"@id":"https:\/\/diplomat-dental.com\/it\/thank-you-it\/#primaryimage"},"thumbnailUrl":"https:\/\/diplomat-dental.com\/wp-content\/uploads\/2024\/03\/Square-1024x1024.png","datePublished":"2026-03-10T07:11:42+00:00","dateModified":"2026-03-10T07:11:59+00:00","description":"Grazie per aver contattato. Il nostro team ti risponder\u00e0 a breve. Scopri le nostre unit\u00e0 dentali professionali per studi dentistici moderni","breadcrumb":{"@id":"https:\/\/diplomat-dental.com\/it\/thank-you-it\/#breadcrumb"},"inLanguage":"it-IT","potentialAction":[{"@type":"ReadAction","target":["https:\/\/diplomat-dental.com\/it\/thank-you-it\/"]}]},{"@type":"ImageObject","inLanguage":"it-IT","@id":"https:\/\/diplomat-dental.com\/it\/thank-you-it\/#primaryimage","url":"https:\/\/diplomat-dental.com\/wp-content\/uploads\/2024\/03\/Square-1024x1024.png","contentUrl":"https:\/\/diplomat-dental.com\/wp-content\/uploads\/2024\/03\/Square-1024x1024.png"},{"@type":"BreadcrumbList","@id":"https:\/\/diplomat-dental.com\/it\/thank-you-it\/#breadcrumb","itemListElement":[{"@type":"ListItem","position":1,"name":"Home","item":"https:\/\/diplomat-dental.com\/it\/"},{"@type":"ListItem","position":2,"name":"Thank you IT"}]},{"@type":"WebSite","@id":"https:\/\/diplomat-dental.com\/#website","url":"https:\/\/diplomat-dental.com\/","name":"Diplomat Dental Solutions","description":"Enter the era of digitized dentistry.","potentialAction":[{"@type":"SearchAction","target":{"@type":"EntryPoint","urlTemplate":"https:\/\/diplomat-dental.com\/?s={search_term_string}"},"query-input":{"@type":"PropertyValueSpecification","valueRequired":true,"valueName":"search_term_string"}}],"inLanguage":"it-IT"}]}},"_links":{"self":[{"href":"https:\/\/diplomat-dental.com\/it\/wp-json\/wp\/v2\/pages\/21202","targetHints":{"allow":["GET"]}}],"collection":[{"href":"https:\/\/diplomat-dental.com\/it\/wp-json\/wp\/v2\/pages"}],"about":[{"href":"https:\/\/diplomat-dental.com\/it\/wp-json\/wp\/v2\/types\/page"}],"author":[{"embeddable":true,"href":"https:\/\/diplomat-dental.com\/it\/wp-json\/wp\/v2\/users\/366"}],"replies":[{"embeddable":true,"href":"https:\/\/diplomat-dental.com\/it\/wp-json\/wp\/v2\/comments?post=21202"}],"version-history":[{"count":2,"href":"https:\/\/diplomat-dental.com\/it\/wp-json\/wp\/v2\/pages\/21202\/revisions"}],"predecessor-version":[{"id":21204,"href":"https:\/\/diplomat-dental.com\/it\/wp-json\/wp\/v2\/pages\/21202\/revisions\/21204"}],"wp:attachment":[{"href":"https:\/\/diplomat-dental.com\/it\/wp-json\/wp\/v2\/media?parent=21202"}],"curies":[{"name":"wp","href":"https:\/\/api.w.org\/{rel}","templated":true}]}}