{"id":9698,"date":"2026-03-09T15:06:05","date_gmt":"2026-03-09T14:06:05","guid":{"rendered":"https:\/\/diplomat-dental.com\/?page_id=9698"},"modified":"2026-03-09T15:07:49","modified_gmt":"2026-03-09T14:07:49","slug":"login","status":"publish","type":"page","link":"https:\/\/diplomat-dental.com\/fr\/login\/","title":{"rendered":"S\u00e9lectionner Connexion"},"content":{"rendered":"\n<div class=\"login-page\">\n<a href=\"https:\/\/diplomat-dental.com\/fr\/\"><img decoding=\"async\" class=\"absolute-logo\" src=\"https:\/\/diplomat-dental.com\/wp-content\/themes\/dds\/assets\/helpers\/logo.svg\"><\/a>\n\n<div class=\"login-left\">\n\n<div class=\"content\">\n<h1>Welcome<br> \n<span style=\"color: #009cdd;\">to Diplomat<br>\nLogin.<\/span><\/h1>\n<p style=\"text-align:center;\">This is the login area for our<br> business partners or education.<\/p>\n<\/div>\n\n<\/div>\n\n<div class=\"login-right\">\n<div class=\"content\">\n\n<a class=\"login-box-a\" href=\"https:\/\/diplomat-dental.com\/fr\/login-2\/\"><div class=\"login-box login-box-one\">\n<h1>Dealer<br>\narea.<\/h1>\n<p>Here you will have access to our marketing,<br>\n service and sales materials.<\/p>\n<\/div>\n<\/a>\n\n\n<a class=\"login-box-a\" target=\"_blank\" href=\"https:\/\/www.diplomat-service.com\/\" rel=\"noopener\">\n<div class=\"login-box login-box-two\">\n<h1>Diplomat<br>\nTecStudio.<\/h1>\n<p>Here you will have access to our<br>\n educational programme.<\/p>\n<\/div>\n<\/a>\n\n<\/div>\n<\/div>\n\n<\/div>\n","protected":false},"excerpt":{"rendered":"<p>Welcome to Diplomat Login. This is the login area for our business partners or education. Dealer area. Here you will have access to our marketing, service and sales materials. Diplomat TecStudio. Here you will have access to our educational programme.<\/p>\n","protected":false},"author":366,"featured_media":0,"parent":0,"menu_order":0,"comment_status":"closed","ping_status":"closed","template":"","meta":{"_acf_changed":false,"inline_featured_image":false,"footnotes":""},"class_list":["post-9698","page","type-page","status-publish","hentry"],"acf":[],"yoast_head":"<!-- This site is optimized with the Yoast SEO plugin v27.5 - https:\/\/yoast.com\/product\/yoast-seo-wordpress\/ -->\n<title>S\u00e9lectionner la connexion - Diplomat Dental Solutions<\/title>\n<meta name=\"description\" content=\"S\u00e9lectionnez la connexion pour acc\u00e9der aux syst\u00e8mes et services Diplomat Dental. Acc\u00e8s s\u00e9curis\u00e9 pour partenaires et distributeurs\" \/>\n<meta name=\"robots\" content=\"index, follow, max-snippet:-1, max-image-preview:large, max-video-preview:-1\" \/>\n<link rel=\"canonical\" href=\"https:\/\/diplomat-dental.com\/fr\/login\/\" \/>\n<meta property=\"og:locale\" content=\"fr_FR\" \/>\n<meta property=\"og:type\" content=\"article\" \/>\n<meta property=\"og:title\" content=\"S\u00e9lectionner la connexion - Diplomat Dental Solutions\" \/>\n<meta property=\"og:description\" content=\"S\u00e9lectionnez la connexion pour acc\u00e9der aux syst\u00e8mes et services Diplomat Dental. Acc\u00e8s s\u00e9curis\u00e9 pour partenaires et distributeurs\" \/>\n<meta property=\"og:url\" content=\"https:\/\/diplomat-dental.com\/fr\/login\/\" \/>\n<meta property=\"og:site_name\" content=\"Diplomat Dental Solutions\" \/>\n<meta property=\"article:modified_time\" content=\"2026-03-09T14:07:49+00:00\" \/>\n<meta property=\"og:image\" content=\"https:\/\/diplomat-dental.com\/wp-content\/themes\/dds\/assets\/helpers\/logo.svg\" \/>\n<meta name=\"twitter:card\" content=\"summary_large_image\" \/>\n<meta name=\"twitter:label1\" content=\"Dur\u00e9e de lecture estim\u00e9e\" \/>\n\t<meta name=\"twitter:data1\" content=\"1 minute\" \/>\n<script type=\"application\/ld+json\" class=\"yoast-schema-graph\">{\"@context\":\"https:\\\/\\\/schema.org\",\"@graph\":[{\"@type\":\"WebPage\",\"@id\":\"https:\\\/\\\/diplomat-dental.com\\\/fr\\\/login\\\/\",\"url\":\"https:\\\/\\\/diplomat-dental.com\\\/fr\\\/login\\\/\",\"name\":\"S\u00e9lectionner la connexion - Diplomat Dental Solutions\",\"isPartOf\":{\"@id\":\"https:\\\/\\\/diplomat-dental.com\\\/#website\"},\"primaryImageOfPage\":{\"@id\":\"https:\\\/\\\/diplomat-dental.com\\\/fr\\\/login\\\/#primaryimage\"},\"image\":{\"@id\":\"https:\\\/\\\/diplomat-dental.com\\\/fr\\\/login\\\/#primaryimage\"},\"thumbnailUrl\":\"https:\\\/\\\/diplomat-dental.com\\\/wp-content\\\/themes\\\/dds\\\/assets\\\/helpers\\\/logo.svg\",\"datePublished\":\"2026-03-09T14:06:05+00:00\",\"dateModified\":\"2026-03-09T14:07:49+00:00\",\"description\":\"S\u00e9lectionnez la connexion pour acc\u00e9der aux syst\u00e8mes et services Diplomat Dental. Acc\u00e8s s\u00e9curis\u00e9 pour partenaires et distributeurs\",\"breadcrumb\":{\"@id\":\"https:\\\/\\\/diplomat-dental.com\\\/fr\\\/login\\\/#breadcrumb\"},\"inLanguage\":\"fr-FR\",\"potentialAction\":[{\"@type\":\"ReadAction\",\"target\":[\"https:\\\/\\\/diplomat-dental.com\\\/fr\\\/login\\\/\"]}]},{\"@type\":\"ImageObject\",\"inLanguage\":\"fr-FR\",\"@id\":\"https:\\\/\\\/diplomat-dental.com\\\/fr\\\/login\\\/#primaryimage\",\"url\":\"https:\\\/\\\/diplomat-dental.com\\\/wp-content\\\/themes\\\/dds\\\/assets\\\/helpers\\\/logo.svg\",\"contentUrl\":\"https:\\\/\\\/diplomat-dental.com\\\/wp-content\\\/themes\\\/dds\\\/assets\\\/helpers\\\/logo.svg\"},{\"@type\":\"BreadcrumbList\",\"@id\":\"https:\\\/\\\/diplomat-dental.com\\\/fr\\\/login\\\/#breadcrumb\",\"itemListElement\":[{\"@type\":\"ListItem\",\"position\":1,\"name\":\"Home\",\"item\":\"https:\\\/\\\/diplomat-dental.com\\\/fr\\\/\"},{\"@type\":\"ListItem\",\"position\":2,\"name\":\"S\u00e9lectionner Connexion\"}]},{\"@type\":\"WebSite\",\"@id\":\"https:\\\/\\\/diplomat-dental.com\\\/#website\",\"url\":\"https:\\\/\\\/diplomat-dental.com\\\/\",\"name\":\"Diplomat Dental Solutions\",\"description\":\"Enter the era of digitized dentistry.\",\"potentialAction\":[{\"@type\":\"SearchAction\",\"target\":{\"@type\":\"EntryPoint\",\"urlTemplate\":\"https:\\\/\\\/diplomat-dental.com\\\/?s={search_term_string}\"},\"query-input\":{\"@type\":\"PropertyValueSpecification\",\"valueRequired\":true,\"valueName\":\"search_term_string\"}}],\"inLanguage\":\"fr-FR\"}]}<\/script>\n<!-- \/ Yoast SEO plugin. -->","yoast_head_json":{"title":"S\u00e9lectionner la connexion - Diplomat Dental Solutions","description":"S\u00e9lectionnez la connexion pour acc\u00e9der aux syst\u00e8mes et services Diplomat Dental. Acc\u00e8s s\u00e9curis\u00e9 pour partenaires et distributeurs","robots":{"index":"index","follow":"follow","max-snippet":"max-snippet:-1","max-image-preview":"max-image-preview:large","max-video-preview":"max-video-preview:-1"},"canonical":"https:\/\/diplomat-dental.com\/fr\/login\/","og_locale":"fr_FR","og_type":"article","og_title":"S\u00e9lectionner la connexion - Diplomat Dental Solutions","og_description":"S\u00e9lectionnez la connexion pour acc\u00e9der aux syst\u00e8mes et services Diplomat Dental. Acc\u00e8s s\u00e9curis\u00e9 pour partenaires et distributeurs","og_url":"https:\/\/diplomat-dental.com\/fr\/login\/","og_site_name":"Diplomat Dental Solutions","article_modified_time":"2026-03-09T14:07:49+00:00","og_image":[{"url":"https:\/\/diplomat-dental.com\/wp-content\/themes\/dds\/assets\/helpers\/logo.svg","type":"","width":"","height":""}],"twitter_card":"summary_large_image","twitter_misc":{"Dur\u00e9e de lecture estim\u00e9e":"1 minute"},"schema":{"@context":"https:\/\/schema.org","@graph":[{"@type":"WebPage","@id":"https:\/\/diplomat-dental.com\/fr\/login\/","url":"https:\/\/diplomat-dental.com\/fr\/login\/","name":"S\u00e9lectionner la connexion - Diplomat Dental Solutions","isPartOf":{"@id":"https:\/\/diplomat-dental.com\/#website"},"primaryImageOfPage":{"@id":"https:\/\/diplomat-dental.com\/fr\/login\/#primaryimage"},"image":{"@id":"https:\/\/diplomat-dental.com\/fr\/login\/#primaryimage"},"thumbnailUrl":"https:\/\/diplomat-dental.com\/wp-content\/themes\/dds\/assets\/helpers\/logo.svg","datePublished":"2026-03-09T14:06:05+00:00","dateModified":"2026-03-09T14:07:49+00:00","description":"S\u00e9lectionnez la connexion pour acc\u00e9der aux syst\u00e8mes et services Diplomat Dental. Acc\u00e8s s\u00e9curis\u00e9 pour partenaires et distributeurs","breadcrumb":{"@id":"https:\/\/diplomat-dental.com\/fr\/login\/#breadcrumb"},"inLanguage":"fr-FR","potentialAction":[{"@type":"ReadAction","target":["https:\/\/diplomat-dental.com\/fr\/login\/"]}]},{"@type":"ImageObject","inLanguage":"fr-FR","@id":"https:\/\/diplomat-dental.com\/fr\/login\/#primaryimage","url":"https:\/\/diplomat-dental.com\/wp-content\/themes\/dds\/assets\/helpers\/logo.svg","contentUrl":"https:\/\/diplomat-dental.com\/wp-content\/themes\/dds\/assets\/helpers\/logo.svg"},{"@type":"BreadcrumbList","@id":"https:\/\/diplomat-dental.com\/fr\/login\/#breadcrumb","itemListElement":[{"@type":"ListItem","position":1,"name":"Home","item":"https:\/\/diplomat-dental.com\/fr\/"},{"@type":"ListItem","position":2,"name":"S\u00e9lectionner Connexion"}]},{"@type":"WebSite","@id":"https:\/\/diplomat-dental.com\/#website","url":"https:\/\/diplomat-dental.com\/","name":"Diplomat Dental Solutions","description":"Enter the era of digitized dentistry.","potentialAction":[{"@type":"SearchAction","target":{"@type":"EntryPoint","urlTemplate":"https:\/\/diplomat-dental.com\/?s={search_term_string}"},"query-input":{"@type":"PropertyValueSpecification","valueRequired":true,"valueName":"search_term_string"}}],"inLanguage":"fr-FR"}]}},"_links":{"self":[{"href":"https:\/\/diplomat-dental.com\/fr\/wp-json\/wp\/v2\/pages\/9698","targetHints":{"allow":["GET"]}}],"collection":[{"href":"https:\/\/diplomat-dental.com\/fr\/wp-json\/wp\/v2\/pages"}],"about":[{"href":"https:\/\/diplomat-dental.com\/fr\/wp-json\/wp\/v2\/types\/page"}],"author":[{"embeddable":true,"href":"https:\/\/diplomat-dental.com\/fr\/wp-json\/wp\/v2\/users\/366"}],"replies":[{"embeddable":true,"href":"https:\/\/diplomat-dental.com\/fr\/wp-json\/wp\/v2\/comments?post=9698"}],"version-history":[{"count":3,"href":"https:\/\/diplomat-dental.com\/fr\/wp-json\/wp\/v2\/pages\/9698\/revisions"}],"predecessor-version":[{"id":25513,"href":"https:\/\/diplomat-dental.com\/fr\/wp-json\/wp\/v2\/pages\/9698\/revisions\/25513"}],"wp:attachment":[{"href":"https:\/\/diplomat-dental.com\/fr\/wp-json\/wp\/v2\/media?parent=9698"}],"curies":[{"name":"wp","href":"https:\/\/api.w.org\/{rel}","templated":true}]}}